{"id":42,"date":"2025-10-20T12:09:20","date_gmt":"2025-10-20T12:09:20","guid":{"rendered":"https:\/\/www.elcontabledetuempresa.com\/?page_id=42"},"modified":"2025-10-28T10:10:09","modified_gmt":"2025-10-28T10:10:09","slug":"inicio","status":"publish","type":"page","link":"https:\/\/www.elcontabledetuempresa.com\/en\/","title":{"rendered":"Inicio"},"content":{"rendered":"\t\t<div data-elementor-type=\"wp-page\" data-elementor-id=\"42\" class=\"elementor elementor-42\" data-elementor-post-type=\"page\">\n\t\t\t\t<div class=\"elementor-element elementor-element-3a9a3533 e-con-full cen animated-fast e-flex elementor-invisible e-con e-parent\" data-id=\"3a9a3533\" data-element_type=\"container\" data-e-type=\"container\" data-settings=\"{&quot;background_background&quot;:&quot;slideshow&quot;,&quot;background_slideshow_gallery&quot;:[{&quot;id&quot;:32,&quot;url&quot;:&quot;https:\\\/\\\/www.elcontabledetuempresa.com\\\/wp-content\\\/uploads\\\/2025\\\/10\\\/emprendedor-trabajando-facturas_1098-20001.jpg&quot;}],&quot;animation&quot;:&quot;fadeIn&quot;,&quot;background_slideshow_loop&quot;:&quot;yes&quot;,&quot;background_slideshow_slide_duration&quot;:5000,&quot;background_slideshow_slide_transition&quot;:&quot;fade&quot;,&quot;background_slideshow_transition_duration&quot;:500}\">\n\t\t<div class=\"elementor-element elementor-element-51c56988 e-con-full e-flex e-con e-child\" data-id=\"51c56988\" data-element_type=\"container\" data-e-type=\"container\">\n\t\t\t\t<div class=\"elementor-element elementor-element-665676fe elementor-invisible elementor-widget elementor-widget-heading\" data-id=\"665676fe\" data-element_type=\"widget\" data-e-type=\"widget\" data-settings=\"{&quot;_animation&quot;:&quot;fadeInUp&quot;}\" data-widget_type=\"heading.default\">\n\t\t\t\t\t<h1 class=\"elementor-heading-title elementor-size-default\">Asesor\u00eda Contable, Fiscal y Laboral para Aut\u00f3nomos y Empresas<\/h1>\t\t\t\t<\/div>\n\t\t\t\t<div class=\"elementor-element elementor-element-7f16408e elementor-invisible elementor-widget elementor-widget-heading\" data-id=\"7f16408e\" data-element_type=\"widget\" data-e-type=\"widget\" data-settings=\"{&quot;_animation&quot;:&quot;fadeInUp&quot;,&quot;_animation_delay&quot;:300}\" data-widget_type=\"heading.default\">\n\t\t\t\t\t<h2 class=\"elementor-heading-title elementor-size-default\">Altas, facturaci\u00f3n, presentaci\u00f3n de impuestos, gestor\u00eda, asesor\u00eda laboral<\/h2>\t\t\t\t<\/div>\n\t\t\t\t<div class=\"elementor-element elementor-element-5d6442a4 elementor-mobile-align-center elementor-invisible elementor-widget elementor-widget-button\" data-id=\"5d6442a4\" data-element_type=\"widget\" data-e-type=\"widget\" data-settings=\"{&quot;_animation&quot;:&quot;fadeInUp&quot;,&quot;_animation_delay&quot;:500}\" data-widget_type=\"button.default\">\n\t\t\t\t\t\t\t\t\t\t<a class=\"elementor-button elementor-button-link elementor-size-sm\" href=\"#servicios\">\n\t\t\t\t\t\t<span class=\"elementor-button-content-wrapper\">\n\t\t\t\t\t\t\t\t\t<span class=\"elementor-button-text\">Con\u00f3cenos<\/span>\n\t\t\t\t\t<\/span>\n\t\t\t\t\t<\/a>\n\t\t\t\t\t\t\t\t<\/div>\n\t\t\t\t<\/div>\n\t\t\t\t<\/div>\n\t\t<div class=\"elementor-element elementor-element-35287d39 e-flex e-con-boxed e-con e-parent\" data-id=\"35287d39\" data-element_type=\"container\" data-e-type=\"container\" id=\"servicios\">\n\t\t\t\t\t<div class=\"e-con-inner\">\n\t\t<div class=\"elementor-element elementor-element-5d923aa4 e-con-full e-flex elementor-invisible e-con e-child\" data-id=\"5d923aa4\" data-element_type=\"container\" data-e-type=\"container\" data-settings=\"{&quot;animation&quot;:&quot;fadeInUp&quot;}\">\n\t\t\t\t<div class=\"elementor-element elementor-element-4d9aef93 elementor-widget elementor-widget-heading\" data-id=\"4d9aef93\" data-element_type=\"widget\" data-e-type=\"widget\" data-widget_type=\"heading.default\">\n\t\t\t\t\t<h2 class=\"elementor-heading-title elementor-size-default\">Servicios para aut\u00f3nomos y empresas<\/h2>\t\t\t\t<\/div>\n\t\t\t\t<div class=\"elementor-element elementor-element-1ccd08e1 titu elementor-widget elementor-widget-heading\" data-id=\"1ccd08e1\" data-element_type=\"widget\" data-e-type=\"widget\" data-widget_type=\"heading.default\">\n\t\t\t\t\t<h2 class=\"elementor-heading-title elementor-size-default\">\u00bfQu\u00e9 hacemos?<\/h2>\t\t\t\t<\/div>\n\t\t\t\t<\/div>\n\t\t<div class=\"elementor-element elementor-element-1b3c7d51 e-con-full e-flex e-con e-child\" data-id=\"1b3c7d51\" data-element_type=\"container\" data-e-type=\"container\">\n\t\t<div class=\"elementor-element elementor-element-2b9826dd e-con-full e-flex elementor-invisible e-con e-child\" data-id=\"2b9826dd\" data-element_type=\"container\" data-e-type=\"container\" data-settings=\"{&quot;animation&quot;:&quot;fadeInRight&quot;}\">\n\t\t\t\t<div class=\"elementor-element elementor-element-7c60a9e1 titu elementor-widget elementor-widget-heading\" data-id=\"7c60a9e1\" data-element_type=\"widget\" data-e-type=\"widget\" data-widget_type=\"heading.default\">\n\t\t\t\t\t<h3 class=\"elementor-heading-title elementor-size-default\">Servicios para Aut\u00f3nomos<\/h3>\t\t\t\t<\/div>\n\t\t\t\t<div class=\"elementor-element elementor-element-56e8a31c elementor-widget elementor-widget-text-editor\" data-id=\"56e8a31c\" data-element_type=\"widget\" data-e-type=\"widget\" data-widget_type=\"text-editor.default\">\n\t\t\t\t\t\t\t\t\t<p>Llevamos por t\u00ed la <strong>presentaci\u00f3n de impuestos<\/strong>, los<strong> libros de ingresos<\/strong>, <strong>gastos<\/strong> y <strong>bienes de inversi\u00f3n<\/strong>, la gesti\u00f3n de tu <strong>facturaci\u00f3n<\/strong> y atendemos a tus requerimientos electr\u00f3nicos con las administraciones p\u00fablicas. S\u00ed todav\u00eda no eres aut\u00f3nomo, no te preocupes, tambi\u00e9n nos encargamos de darte de alta.<\/p>\t\t\t\t\t\t\t\t<\/div>\n\t\t\t\t<div class=\"elementor-element elementor-element-25710dc4 elementor-mobile-align-center elementor-widget elementor-widget-button\" data-id=\"25710dc4\" data-element_type=\"widget\" data-e-type=\"widget\" data-widget_type=\"button.default\">\n\t\t\t\t\t\t\t\t\t\t<a class=\"elementor-button elementor-button-link elementor-size-sm\" href=\"\/servicios-para-los-autonomos\/\">\n\t\t\t\t\t\t<span class=\"elementor-button-content-wrapper\">\n\t\t\t\t\t\t\t\t\t<span class=\"elementor-button-text\">Ver m\u00e1s<\/span>\n\t\t\t\t\t<\/span>\n\t\t\t\t\t<\/a>\n\t\t\t\t\t\t\t\t<\/div>\n\t\t\t\t<\/div>\n\t\t<div class=\"elementor-element elementor-element-22ec1dd8 e-con-full e-flex elementor-invisible e-con e-child\" data-id=\"22ec1dd8\" data-element_type=\"container\" data-e-type=\"container\" data-settings=\"{&quot;animation&quot;:&quot;fadeInLeft&quot;,&quot;animation_delay&quot;:200}\">\n\t\t\t\t<div class=\"elementor-element elementor-element-434dfb66 elementor-widget elementor-widget-image\" data-id=\"434dfb66\" data-element_type=\"widget\" data-e-type=\"widget\" data-widget_type=\"image.default\">\n\t\t\t\t\t\t\t\t\t\t\t\t\t\t\t<img fetchpriority=\"high\" decoding=\"async\" width=\"800\" height=\"533\" src=\"https:\/\/www.elcontabledetuempresa.com\/wp-content\/uploads\/2025\/10\/servicios-para-autonomos.svg\" class=\"attachment-large size-large wp-image-33\" alt=\"Asesor\u00eda Contable, Fiscal y Laboral | El Contable de Tu Empresa\" \/>\t\t\t\t\t\t\t\t\t\t\t\t\t\t\t<\/div>\n\t\t\t\t<\/div>\n\t\t\t\t<\/div>\n\t\t<div class=\"elementor-element elementor-element-798d38c5 e-con-full e-flex e-con e-child\" data-id=\"798d38c5\" data-element_type=\"container\" data-e-type=\"container\">\n\t\t<div class=\"elementor-element elementor-element-76466d8f e-con-full e-flex elementor-invisible e-con e-child\" data-id=\"76466d8f\" data-element_type=\"container\" data-e-type=\"container\" data-settings=\"{&quot;animation&quot;:&quot;fadeInLeft&quot;}\">\n\t\t\t\t<div class=\"elementor-element elementor-element-e30d929 titu elementor-widget elementor-widget-heading\" data-id=\"e30d929\" data-element_type=\"widget\" data-e-type=\"widget\" data-widget_type=\"heading.default\">\n\t\t\t\t\t<h3 class=\"elementor-heading-title elementor-size-default\">Servicios para Empresas<\/h3>\t\t\t\t<\/div>\n\t\t\t\t<div class=\"elementor-element elementor-element-567c780a elementor-widget elementor-widget-text-editor\" data-id=\"567c780a\" data-element_type=\"widget\" data-e-type=\"widget\" data-widget_type=\"text-editor.default\">\n\t\t\t\t\t\t\t\t\t<p>Si tienes una empresa y necesitas una gestor\u00eda que lleve tus <strong>facturas<\/strong> y tu <strong>contabilidad<\/strong>, tenemos el servicio adecuado para t\u00ed. Tambi\u00e9n ofrecemos <strong>an\u00e1lisis financieros anuales<\/strong>, <strong>contabilidad anal\u00edtica<\/strong> y confecciones de <strong>libros de cuentas<\/strong>.<\/p>\t\t\t\t\t\t\t\t<\/div>\n\t\t\t\t<div class=\"elementor-element elementor-element-1597c7f8 elementor-mobile-align-center elementor-widget elementor-widget-button\" data-id=\"1597c7f8\" data-element_type=\"widget\" data-e-type=\"widget\" data-widget_type=\"button.default\">\n\t\t\t\t\t\t\t\t\t\t<a class=\"elementor-button elementor-button-link elementor-size-sm\" href=\"\/servicios-para-las-empresas\/\">\n\t\t\t\t\t\t<span class=\"elementor-button-content-wrapper\">\n\t\t\t\t\t\t\t\t\t<span class=\"elementor-button-text\">Ver m\u00e1s<\/span>\n\t\t\t\t\t<\/span>\n\t\t\t\t\t<\/a>\n\t\t\t\t\t\t\t\t<\/div>\n\t\t\t\t<\/div>\n\t\t<div class=\"elementor-element elementor-element-164d8b93 e-con-full e-flex elementor-invisible e-con e-child\" data-id=\"164d8b93\" data-element_type=\"container\" data-e-type=\"container\" data-settings=\"{&quot;animation&quot;:&quot;fadeInRight&quot;,&quot;animation_delay&quot;:200}\">\n\t\t\t\t<div class=\"elementor-element elementor-element-5fbb8b0d elementor-widget elementor-widget-image\" data-id=\"5fbb8b0d\" data-element_type=\"widget\" data-e-type=\"widget\" data-widget_type=\"image.default\">\n\t\t\t\t\t\t\t\t\t\t\t\t\t\t\t<img decoding=\"async\" width=\"800\" height=\"533\" src=\"https:\/\/www.elcontabledetuempresa.com\/wp-content\/uploads\/2025\/10\/servicios-para-empresas.svg\" class=\"attachment-large size-large wp-image-34\" alt=\"Asesor\u00eda Contable, Fiscal y Laboral | El Contable de Tu Empresa\" \/>\t\t\t\t\t\t\t\t\t\t\t\t\t\t\t<\/div>\n\t\t\t\t<\/div>\n\t\t\t\t<\/div>\n\t\t<div class=\"elementor-element elementor-element-cee4c7f e-con-full e-flex e-con e-child\" data-id=\"cee4c7f\" data-element_type=\"container\" data-e-type=\"container\">\n\t\t<div class=\"elementor-element elementor-element-17233842 e-con-full e-flex elementor-invisible e-con e-child\" data-id=\"17233842\" data-element_type=\"container\" data-e-type=\"container\" data-settings=\"{&quot;animation&quot;:&quot;fadeInRight&quot;}\">\n\t\t\t\t<div class=\"elementor-element elementor-element-2fcb8629 titu elementor-widget elementor-widget-heading\" data-id=\"2fcb8629\" data-element_type=\"widget\" data-e-type=\"widget\" data-widget_type=\"heading.default\">\n\t\t\t\t\t<h3 class=\"elementor-heading-title elementor-size-default\">Asesor\u00eda Laboral<\/h3>\t\t\t\t<\/div>\n\t\t\t\t<div class=\"elementor-element elementor-element-28cc88cc elementor-widget elementor-widget-text-editor\" data-id=\"28cc88cc\" data-element_type=\"widget\" data-e-type=\"widget\" data-widget_type=\"text-editor.default\">\n\t\t\t\t\t\t\t\t\t<p>Gestionamos la confecci\u00f3n de <strong>n\u00f3minas mensuales<\/strong>, las <strong>altas y bajas en el R\u00e9gimen General en Seguridad Social<\/strong>, la preparaci\u00f3n y presentaci\u00f3n de <strong>cotizaciones<\/strong>, la tramitaci\u00f3n y seguimiento de incapacidades temporales y accidentes de trabajo, la atenci\u00f3n de requerimientos electr\u00f3nicos de la Seguridad Social, la resoluci\u00f3n de deudas de \u00e1mbito laboral.<\/p>\t\t\t\t\t\t\t\t<\/div>\n\t\t\t\t<div class=\"elementor-element elementor-element-73231d34 elementor-mobile-align-center elementor-widget elementor-widget-button\" data-id=\"73231d34\" data-element_type=\"widget\" data-e-type=\"widget\" data-widget_type=\"button.default\">\n\t\t\t\t\t\t\t\t\t\t<a class=\"elementor-button elementor-button-link elementor-size-sm\" href=\"\/asesoria-laboral-autonomos-empresas\/\">\n\t\t\t\t\t\t<span class=\"elementor-button-content-wrapper\">\n\t\t\t\t\t\t\t\t\t<span class=\"elementor-button-text\">Ver m\u00e1s<\/span>\n\t\t\t\t\t<\/span>\n\t\t\t\t\t<\/a>\n\t\t\t\t\t\t\t\t<\/div>\n\t\t\t\t<\/div>\n\t\t<div class=\"elementor-element elementor-element-a0f5185 e-con-full e-flex elementor-invisible e-con e-child\" data-id=\"a0f5185\" data-element_type=\"container\" data-e-type=\"container\" data-settings=\"{&quot;animation&quot;:&quot;fadeInLeft&quot;,&quot;animation_delay&quot;:200}\">\n\t\t\t\t<div class=\"elementor-element elementor-element-72d75736 elementor-widget elementor-widget-image\" data-id=\"72d75736\" data-element_type=\"widget\" data-e-type=\"widget\" data-widget_type=\"image.default\">\n\t\t\t\t\t\t\t\t\t\t\t\t\t\t\t<img decoding=\"async\" width=\"800\" height=\"533\" src=\"https:\/\/www.elcontabledetuempresa.com\/wp-content\/uploads\/2025\/10\/asesoria-contable.svg\" class=\"attachment-large size-large wp-image-35\" alt=\"Asesor\u00eda Contable, Fiscal y Laboral | El Contable de Tu Empresa\" \/>\t\t\t\t\t\t\t\t\t\t\t\t\t\t\t<\/div>\n\t\t\t\t<\/div>\n\t\t\t\t<\/div>\n\t\t\t\t\t<\/div>\n\t\t\t\t<\/div>\n\t\t<div class=\"elementor-element elementor-element-52d03b7 e-flex e-con-boxed elementor-invisible e-con e-parent\" data-id=\"52d03b7\" data-element_type=\"container\" data-e-type=\"container\" id=\"contacto\" data-settings=\"{&quot;animation&quot;:&quot;zoomIn&quot;}\">\n\t\t\t\t\t<div class=\"e-con-inner\">\n\t\t<div class=\"elementor-element elementor-element-48ee410e e-con-full e-flex e-con e-child\" data-id=\"48ee410e\" data-element_type=\"container\" data-e-type=\"container\" data-settings=\"{&quot;background_background&quot;:&quot;classic&quot;}\">\n\t\t\t\t<\/div>\n\t\t<div class=\"elementor-element elementor-element-40d6439d e-con-full e-flex e-con e-child\" data-id=\"40d6439d\" data-element_type=\"container\" data-e-type=\"container\" data-settings=\"{&quot;background_background&quot;:&quot;gradient&quot;}\">\n\t\t<div class=\"elementor-element elementor-element-4565f56d e-con-full e-flex e-con e-child\" data-id=\"4565f56d\" data-element_type=\"container\" data-e-type=\"container\">\n\t\t\t\t<div class=\"elementor-element elementor-element-19473743 elementor-widget elementor-widget-heading\" data-id=\"19473743\" data-element_type=\"widget\" data-e-type=\"widget\" data-widget_type=\"heading.default\">\n\t\t\t\t\t<h2 class=\"elementor-heading-title elementor-size-default\">\u00bfTienes alguna duda?\n<\/h2>\t\t\t\t<\/div>\n\t\t\t\t<div class=\"elementor-element elementor-element-15bd61e elementor-widget elementor-widget-heading\" data-id=\"15bd61e\" data-element_type=\"widget\" data-e-type=\"widget\" data-widget_type=\"heading.default\">\n\t\t\t\t\t<h2 class=\"elementor-heading-title elementor-size-default\">Cont\u00e1ctanos<\/h2>\t\t\t\t<\/div>\n\t\t\t\t<\/div>\n\t\t\t\t<div class=\"elementor-element elementor-element-373edd0c elementor-position-left e-transform elementor-vertical-align-top elementor-widget elementor-widget-image-box\" data-id=\"373edd0c\" data-element_type=\"widget\" data-e-type=\"widget\" data-settings=\"{&quot;_transform_translateX_effect_hover&quot;:{&quot;unit&quot;:&quot;px&quot;,&quot;size&quot;:10,&quot;sizes&quot;:[]},&quot;_transform_translateX_effect_hover_tablet&quot;:{&quot;unit&quot;:&quot;px&quot;,&quot;size&quot;:&quot;&quot;,&quot;sizes&quot;:[]},&quot;_transform_translateX_effect_hover_mobile&quot;:{&quot;unit&quot;:&quot;px&quot;,&quot;size&quot;:&quot;&quot;,&quot;sizes&quot;:[]},&quot;_transform_translateY_effect_hover&quot;:{&quot;unit&quot;:&quot;px&quot;,&quot;size&quot;:&quot;&quot;,&quot;sizes&quot;:[]},&quot;_transform_translateY_effect_hover_tablet&quot;:{&quot;unit&quot;:&quot;px&quot;,&quot;size&quot;:&quot;&quot;,&quot;sizes&quot;:[]},&quot;_transform_translateY_effect_hover_mobile&quot;:{&quot;unit&quot;:&quot;px&quot;,&quot;size&quot;:&quot;&quot;,&quot;sizes&quot;:[]}}\" data-widget_type=\"image-box.default\">\n\t\t\t\t\t<div class=\"elementor-image-box-wrapper\"><figure class=\"elementor-image-box-img\"><a href=\"mailto:jorge@elcontabledetuempresa.com\" tabindex=\"-1\"><img loading=\"lazy\" decoding=\"async\" width=\"100\" height=\"100\" src=\"https:\/\/www.elcontabledetuempresa.com\/wp-content\/uploads\/2025\/10\/mensaje-100.png\" class=\"attachment-full size-full wp-image-37\" alt=\"Asesor\u00eda Contable, Fiscal y Laboral | El Contable de Tu Empresa\" \/><\/a><\/figure><div class=\"elementor-image-box-content\"><h3 class=\"elementor-image-box-title\"><a href=\"mailto:jorge@elcontabledetuempresa.com\">Correo Electr\u00f3nico<\/a><\/h3><p class=\"elementor-image-box-description\">Puedes mandarnos un email coment\u00e1ndonos cualquier duda que tengas.\njorge@elcontabledetuempresa.com<\/p><\/div><\/div>\t\t\t\t<\/div>\n\t\t\t\t<div class=\"elementor-element elementor-element-3d198991 elementor-position-left e-transform elementor-vertical-align-top elementor-widget elementor-widget-image-box\" data-id=\"3d198991\" data-element_type=\"widget\" data-e-type=\"widget\" data-settings=\"{&quot;_transform_translateX_effect_hover&quot;:{&quot;unit&quot;:&quot;px&quot;,&quot;size&quot;:10,&quot;sizes&quot;:[]},&quot;_transform_translateX_effect_hover_tablet&quot;:{&quot;unit&quot;:&quot;px&quot;,&quot;size&quot;:&quot;&quot;,&quot;sizes&quot;:[]},&quot;_transform_translateX_effect_hover_mobile&quot;:{&quot;unit&quot;:&quot;px&quot;,&quot;size&quot;:&quot;&quot;,&quot;sizes&quot;:[]},&quot;_transform_translateY_effect_hover&quot;:{&quot;unit&quot;:&quot;px&quot;,&quot;size&quot;:&quot;&quot;,&quot;sizes&quot;:[]},&quot;_transform_translateY_effect_hover_tablet&quot;:{&quot;unit&quot;:&quot;px&quot;,&quot;size&quot;:&quot;&quot;,&quot;sizes&quot;:[]},&quot;_transform_translateY_effect_hover_mobile&quot;:{&quot;unit&quot;:&quot;px&quot;,&quot;size&quot;:&quot;&quot;,&quot;sizes&quot;:[]}}\" data-widget_type=\"image-box.default\">\n\t\t\t\t\t<div class=\"elementor-image-box-wrapper\"><figure class=\"elementor-image-box-img\"><a href=\"tel:+34623472779\" tabindex=\"-1\"><img loading=\"lazy\" decoding=\"async\" width=\"100\" height=\"100\" src=\"https:\/\/www.elcontabledetuempresa.com\/wp-content\/uploads\/2025\/10\/telefono-100.png\" class=\"attachment-full size-full wp-image-38\" alt=\"Asesor\u00eda Contable, Fiscal y Laboral | El Contable de Tu Empresa\" \/><\/a><\/figure><div class=\"elementor-image-box-content\"><h3 class=\"elementor-image-box-title\"><a href=\"tel:+34623472779\">Tel\u00e9fono<\/a><\/h3><p class=\"elementor-image-box-description\">M\u00e1ndanos un WhatsApp o ll\u00e1manos para preguntarnos lo que quieras.<\/p><\/div><\/div>\t\t\t\t<\/div>\n\t\t\t\t<\/div>\n\t\t\t\t\t<\/div>\n\t\t\t\t<\/div>\n\t\t\t\t<\/div>\n\t\t","protected":false},"excerpt":{"rendered":"<p>Asesor\u00eda Contable, Fiscal y Laboral para Aut\u00f3nomos y Empresas Altas, facturaci\u00f3n, presentaci\u00f3n de impuestos, gestor\u00eda, asesor\u00eda laboral Con\u00f3cenos Servicios para aut\u00f3nomos y empresas \u00bfQu\u00e9 hacemos? Servicios para Aut\u00f3nomos Llevamos por t\u00ed la presentaci\u00f3n de impuestos, los libros de ingresos, gastos y bienes de inversi\u00f3n, la gesti\u00f3n de tu facturaci\u00f3n y atendemos a tus requerimientos electr\u00f3nicos [&hellip;]<\/p>\n","protected":false},"author":1,"featured_media":32,"parent":0,"menu_order":0,"comment_status":"closed","ping_status":"closed","template":"","meta":{"footnotes":""},"class_list":["post-42","page","type-page","status-publish","has-post-thumbnail","hentry"],"_links":{"self":[{"href":"https:\/\/www.elcontabledetuempresa.com\/en\/wp-json\/wp\/v2\/pages\/42","targetHints":{"allow":["GET"]}}],"collection":[{"href":"https:\/\/www.elcontabledetuempresa.com\/en\/wp-json\/wp\/v2\/pages"}],"about":[{"href":"https:\/\/www.elcontabledetuempresa.com\/en\/wp-json\/wp\/v2\/types\/page"}],"author":[{"embeddable":true,"href":"https:\/\/www.elcontabledetuempresa.com\/en\/wp-json\/wp\/v2\/users\/1"}],"replies":[{"embeddable":true,"href":"https:\/\/www.elcontabledetuempresa.com\/en\/wp-json\/wp\/v2\/comments?post=42"}],"version-history":[{"count":5,"href":"https:\/\/www.elcontabledetuempresa.com\/en\/wp-json\/wp\/v2\/pages\/42\/revisions"}],"predecessor-version":[{"id":306,"href":"https:\/\/www.elcontabledetuempresa.com\/en\/wp-json\/wp\/v2\/pages\/42\/revisions\/306"}],"wp:featuredmedia":[{"embeddable":true,"href":"https:\/\/www.elcontabledetuempresa.com\/en\/wp-json\/wp\/v2\/media\/32"}],"wp:attachment":[{"href":"https:\/\/www.elcontabledetuempresa.com\/en\/wp-json\/wp\/v2\/media?parent=42"}],"curies":[{"name":"wp","href":"https:\/\/api.w.org\/{rel}","templated":true}]}}